{"id":329,"date":"2018-11-12T06:55:28","date_gmt":"2018-11-12T06:55:28","guid":{"rendered":"https:\/\/www.canadavisaservices.org\/?page_id=329"},"modified":"2021-11-16T13:39:44","modified_gmt":"2021-11-16T13:39:44","slug":"faq","status":"publish","type":"page","link":"https:\/\/www.canadavisaservices.org\/it\/about-us\/faq\/","title":{"rendered":"FAQ"},"content":{"rendered":"\t\t<div data-elementor-type=\"wp-post\" data-elementor-id=\"329\" class=\"elementor elementor-329\" data-elementor-settings=\"[]\">\n\t\t\t<div class=\"elementor-inner\">\n\t\t\t\t<div class=\"elementor-section-wrap\">\n\t\t\t\t\t\t\t<section class=\"elementor-element elementor-element-3036f773 elementor-section-content-middle elementor-section-boxed elementor-section-height-default elementor-section-height-default elementor-section elementor-top-section\" data-id=\"3036f773\" data-element_type=\"section\">\n\t\t\t\t\t\t<div class=\"elementor-container elementor-column-gap-no\">\n\t\t\t\t<div class=\"elementor-row\">\n\t\t\t\t<div class=\"elementor-element elementor-element-7b1634f6 elementor-column elementor-col-100 elementor-top-column\" data-id=\"7b1634f6\" data-element_type=\"column\">\n\t\t\t<div class=\"elementor-column-wrap  elementor-element-populated\">\n\t\t\t\t\t<div class=\"elementor-widget-wrap\">\n\t\t\t\t<div class=\"elementor-element elementor-element-2db468ac elementor-widget elementor-widget-heading\" data-id=\"2db468ac\" data-element_type=\"widget\" data-widget_type=\"heading.default\">\n\t\t\t\t<div class=\"elementor-widget-container\">\n\t\t\t<h1 class=\"elementor-heading-title elementor-size-default\">FAQ<\/h1>\t\t<\/div>\n\t\t\t\t<\/div>\n\t\t\t\t<div class=\"elementor-element elementor-element-3897bcec elementor-widget elementor-widget-toggle\" data-id=\"3897bcec\" data-element_type=\"widget\" data-widget_type=\"toggle.default\">\n\t\t\t\t<div class=\"elementor-widget-container\">\n\t\t\t\t\t<div class=\"elementor-toggle\" role=\"tablist\">\n\t\t\t\t\t\t\t<div class=\"elementor-toggle-item\">\n\t\t\t\t\t<div id=\"elementor-tab-title-9491\" class=\"elementor-tab-title\" data-tab=\"1\" role=\"tab\" aria-controls=\"elementor-tab-content-9491\">\n\t\t\t\t\t\t\t\t\t\t\t\t<span class=\"elementor-toggle-icon elementor-toggle-icon-right\" aria-hidden=\"true\">\n\t\t\t\t\t\t\t\t\t\t\t\t\t\t\t<span class=\"elementor-toggle-icon-closed\"><svg xmlns=\"http:\/\/www.w3.org\/2000\/svg\" xmlns:xlink=\"http:\/\/www.w3.org\/1999\/xlink\" id=\"Capa_1\" x=\"0px\" y=\"0px\" viewBox=\"0 0 297 297\" style=\"enable-background:new 0 0 297 297;\" xml:space=\"preserve\">\n<g>\n\t<path d=\"M148.5,0C66.485,0,0,66.485,0,148.5S66.485,297,148.5,297S297,230.515,297,148.5S230.515,0,148.5,0z M159.083,231.5H90.75   l74.25-84l-74.25-81h68.333l71.917,81L159.083,231.5z\"><\/path>\n<\/g>\n<g>\n<\/g>\n<g>\n<\/g>\n<g>\n<\/g>\n<g>\n<\/g>\n<g>\n<\/g>\n<g>\n<\/g>\n<g>\n<\/g>\n<g>\n<\/g>\n<g>\n<\/g>\n<g>\n<\/g>\n<g>\n<\/g>\n<g>\n<\/g>\n<g>\n<\/g>\n<g>\n<\/g>\n<g>\n<\/g>\n<\/svg><\/span>\n\t\t\t\t\t\t\t\t<span class=\"elementor-toggle-icon-opened\"><svg xmlns=\"http:\/\/www.w3.org\/2000\/svg\" xmlns:xlink=\"http:\/\/www.w3.org\/1999\/xlink\" id=\"Capa_1\" x=\"0px\" y=\"0px\" viewBox=\"0 0 180 180\" style=\"enable-background:new 0 0 180 180;\" xml:space=\"preserve\">\n<g id=\"XMLID_8_\">\n\t<polygon id=\"XMLID_939_\" points=\"90,12.282 0,120.739 0,167.718 90,59.261 180,167.718 180,120.739  \"><\/polygon>\n<\/g>\n<g>\n<\/g>\n<g>\n<\/g>\n<g>\n<\/g>\n<g>\n<\/g>\n<g>\n<\/g>\n<g>\n<\/g>\n<g>\n<\/g>\n<g>\n<\/g>\n<g>\n<\/g>\n<g>\n<\/g>\n<g>\n<\/g>\n<g>\n<\/g>\n<g>\n<\/g>\n<g>\n<\/g>\n<g>\n<\/g>\n<\/svg><\/span>\n\t\t\t\t\t\t\t\t\t\t\t\t\t<\/span>\n\t\t\t\t\t\t\t\t\t\t\t\t<a href=\"\" class=\"elementor-toggle-title\">Fate parte del governo Canadese?<\/a>\n\t\t\t\t\t<\/div>\n\t\t\t\t\t<div id=\"elementor-tab-content-9491\" class=\"elementor-tab-content elementor-clearfix\" data-tab=\"1\" role=\"tabpanel\" aria-labelledby=\"elementor-tab-title-9491\"><p>CVS \u00e8 una societ\u00e0 privata e non rappresenta il governo canadese. Tuttavia, Per\u00f2 impieghiamo personale registrato RCIC, questo assicura che i nostri clienti soddisfino tutti i requisiti in conformit\u00e0 con le leggi dell\u2019immigrazione canadese.<\/p><p class=\"p1\">\u00a0<\/p><\/div>\n\t\t\t\t<\/div>\n\t\t\t\t\t\t\t<div class=\"elementor-toggle-item\">\n\t\t\t\t\t<div id=\"elementor-tab-title-9492\" class=\"elementor-tab-title\" data-tab=\"2\" role=\"tab\" aria-controls=\"elementor-tab-content-9492\">\n\t\t\t\t\t\t\t\t\t\t\t\t<span class=\"elementor-toggle-icon elementor-toggle-icon-right\" aria-hidden=\"true\">\n\t\t\t\t\t\t\t\t\t\t\t\t\t\t\t<span class=\"elementor-toggle-icon-closed\"><svg xmlns=\"http:\/\/www.w3.org\/2000\/svg\" xmlns:xlink=\"http:\/\/www.w3.org\/1999\/xlink\" id=\"Capa_1\" x=\"0px\" y=\"0px\" viewBox=\"0 0 297 297\" style=\"enable-background:new 0 0 297 297;\" xml:space=\"preserve\">\n<g>\n\t<path d=\"M148.5,0C66.485,0,0,66.485,0,148.5S66.485,297,148.5,297S297,230.515,297,148.5S230.515,0,148.5,0z M159.083,231.5H90.75   l74.25-84l-74.25-81h68.333l71.917,81L159.083,231.5z\"><\/path>\n<\/g>\n<g>\n<\/g>\n<g>\n<\/g>\n<g>\n<\/g>\n<g>\n<\/g>\n<g>\n<\/g>\n<g>\n<\/g>\n<g>\n<\/g>\n<g>\n<\/g>\n<g>\n<\/g>\n<g>\n<\/g>\n<g>\n<\/g>\n<g>\n<\/g>\n<g>\n<\/g>\n<g>\n<\/g>\n<g>\n<\/g>\n<\/svg><\/span>\n\t\t\t\t\t\t\t\t<span class=\"elementor-toggle-icon-opened\"><svg xmlns=\"http:\/\/www.w3.org\/2000\/svg\" xmlns:xlink=\"http:\/\/www.w3.org\/1999\/xlink\" id=\"Capa_1\" x=\"0px\" y=\"0px\" viewBox=\"0 0 180 180\" style=\"enable-background:new 0 0 180 180;\" xml:space=\"preserve\">\n<g id=\"XMLID_8_\">\n\t<polygon id=\"XMLID_939_\" points=\"90,12.282 0,120.739 0,167.718 90,59.261 180,167.718 180,120.739  \"><\/polygon>\n<\/g>\n<g>\n<\/g>\n<g>\n<\/g>\n<g>\n<\/g>\n<g>\n<\/g>\n<g>\n<\/g>\n<g>\n<\/g>\n<g>\n<\/g>\n<g>\n<\/g>\n<g>\n<\/g>\n<g>\n<\/g>\n<g>\n<\/g>\n<g>\n<\/g>\n<g>\n<\/g>\n<g>\n<\/g>\n<g>\n<\/g>\n<\/svg><\/span>\n\t\t\t\t\t\t\t\t\t\t\t\t\t<\/span>\n\t\t\t\t\t\t\t\t\t\t\t\t<a href=\"\" class=\"elementor-toggle-title\">Quanto costa il servizio?<\/a>\n\t\t\t\t\t<\/div>\n\t\t\t\t\t<div id=\"elementor-tab-content-9492\" class=\"elementor-tab-content elementor-clearfix\" data-tab=\"2\" role=\"tabpanel\" aria-labelledby=\"elementor-tab-title-9492\"><p><span style=\"font-weight: 400\">Canada Visa Services offre una varieta&#8217; di servizi con vari prezzi.\u00a0<\/span><\/p><p><span style=\"font-weight: 400\">Puoi trovare piu&#8217; informazioni riguardo i nostri servizi e i nostri prezzi nella sezione &#8220;<a href=\"https:\/\/www.canadavisaservices.org\/it\/about-us\/services\/\">i nostri servizi<\/a>&#8220;.<\/span><\/p><\/div>\n\t\t\t\t<\/div>\n\t\t\t\t\t\t\t<div class=\"elementor-toggle-item\">\n\t\t\t\t\t<div id=\"elementor-tab-title-9493\" class=\"elementor-tab-title\" data-tab=\"3\" role=\"tab\" aria-controls=\"elementor-tab-content-9493\">\n\t\t\t\t\t\t\t\t\t\t\t\t<span class=\"elementor-toggle-icon elementor-toggle-icon-right\" aria-hidden=\"true\">\n\t\t\t\t\t\t\t\t\t\t\t\t\t\t\t<span class=\"elementor-toggle-icon-closed\"><svg xmlns=\"http:\/\/www.w3.org\/2000\/svg\" xmlns:xlink=\"http:\/\/www.w3.org\/1999\/xlink\" id=\"Capa_1\" x=\"0px\" y=\"0px\" viewBox=\"0 0 297 297\" style=\"enable-background:new 0 0 297 297;\" xml:space=\"preserve\">\n<g>\n\t<path d=\"M148.5,0C66.485,0,0,66.485,0,148.5S66.485,297,148.5,297S297,230.515,297,148.5S230.515,0,148.5,0z M159.083,231.5H90.75   l74.25-84l-74.25-81h68.333l71.917,81L159.083,231.5z\"><\/path>\n<\/g>\n<g>\n<\/g>\n<g>\n<\/g>\n<g>\n<\/g>\n<g>\n<\/g>\n<g>\n<\/g>\n<g>\n<\/g>\n<g>\n<\/g>\n<g>\n<\/g>\n<g>\n<\/g>\n<g>\n<\/g>\n<g>\n<\/g>\n<g>\n<\/g>\n<g>\n<\/g>\n<g>\n<\/g>\n<g>\n<\/g>\n<\/svg><\/span>\n\t\t\t\t\t\t\t\t<span class=\"elementor-toggle-icon-opened\"><svg xmlns=\"http:\/\/www.w3.org\/2000\/svg\" xmlns:xlink=\"http:\/\/www.w3.org\/1999\/xlink\" id=\"Capa_1\" x=\"0px\" y=\"0px\" viewBox=\"0 0 180 180\" style=\"enable-background:new 0 0 180 180;\" xml:space=\"preserve\">\n<g id=\"XMLID_8_\">\n\t<polygon id=\"XMLID_939_\" points=\"90,12.282 0,120.739 0,167.718 90,59.261 180,167.718 180,120.739  \"><\/polygon>\n<\/g>\n<g>\n<\/g>\n<g>\n<\/g>\n<g>\n<\/g>\n<g>\n<\/g>\n<g>\n<\/g>\n<g>\n<\/g>\n<g>\n<\/g>\n<g>\n<\/g>\n<g>\n<\/g>\n<g>\n<\/g>\n<g>\n<\/g>\n<g>\n<\/g>\n<g>\n<\/g>\n<g>\n<\/g>\n<g>\n<\/g>\n<\/svg><\/span>\n\t\t\t\t\t\t\t\t\t\t\t\t\t<\/span>\n\t\t\t\t\t\t\t\t\t\t\t\t<a href=\"\" class=\"elementor-toggle-title\">Potete garantire che il mio visto\/permesso sara' approvato?<\/a>\n\t\t\t\t\t<\/div>\n\t\t\t\t\t<div id=\"elementor-tab-content-9493\" class=\"elementor-tab-content elementor-clearfix\" data-tab=\"3\" role=\"tabpanel\" aria-labelledby=\"elementor-tab-title-9493\"><p>Sfortunatamente no. Nessuno pu\u00f2 offrire una tale garanzia, perch\u00e9 la decisione finale \u00e8 presa solo dal ICCRC. Per\u00f2, il nostro team di consulenti d&#8217;immigrazione lavorer\u00e0 per assicurarti di soddisfare tutti i requisiti necessari e aiutarti a selezionare il programma giusto per te.<\/p><\/div>\n\t\t\t\t<\/div>\n\t\t\t\t\t\t\t<div class=\"elementor-toggle-item\">\n\t\t\t\t\t<div id=\"elementor-tab-title-9494\" class=\"elementor-tab-title\" data-tab=\"4\" role=\"tab\" aria-controls=\"elementor-tab-content-9494\">\n\t\t\t\t\t\t\t\t\t\t\t\t<span class=\"elementor-toggle-icon elementor-toggle-icon-right\" aria-hidden=\"true\">\n\t\t\t\t\t\t\t\t\t\t\t\t\t\t\t<span class=\"elementor-toggle-icon-closed\"><svg xmlns=\"http:\/\/www.w3.org\/2000\/svg\" xmlns:xlink=\"http:\/\/www.w3.org\/1999\/xlink\" id=\"Capa_1\" x=\"0px\" y=\"0px\" viewBox=\"0 0 297 297\" style=\"enable-background:new 0 0 297 297;\" xml:space=\"preserve\">\n<g>\n\t<path d=\"M148.5,0C66.485,0,0,66.485,0,148.5S66.485,297,148.5,297S297,230.515,297,148.5S230.515,0,148.5,0z M159.083,231.5H90.75   l74.25-84l-74.25-81h68.333l71.917,81L159.083,231.5z\"><\/path>\n<\/g>\n<g>\n<\/g>\n<g>\n<\/g>\n<g>\n<\/g>\n<g>\n<\/g>\n<g>\n<\/g>\n<g>\n<\/g>\n<g>\n<\/g>\n<g>\n<\/g>\n<g>\n<\/g>\n<g>\n<\/g>\n<g>\n<\/g>\n<g>\n<\/g>\n<g>\n<\/g>\n<g>\n<\/g>\n<g>\n<\/g>\n<\/svg><\/span>\n\t\t\t\t\t\t\t\t<span class=\"elementor-toggle-icon-opened\"><svg xmlns=\"http:\/\/www.w3.org\/2000\/svg\" xmlns:xlink=\"http:\/\/www.w3.org\/1999\/xlink\" id=\"Capa_1\" x=\"0px\" y=\"0px\" viewBox=\"0 0 180 180\" style=\"enable-background:new 0 0 180 180;\" xml:space=\"preserve\">\n<g id=\"XMLID_8_\">\n\t<polygon id=\"XMLID_939_\" points=\"90,12.282 0,120.739 0,167.718 90,59.261 180,167.718 180,120.739  \"><\/polygon>\n<\/g>\n<g>\n<\/g>\n<g>\n<\/g>\n<g>\n<\/g>\n<g>\n<\/g>\n<g>\n<\/g>\n<g>\n<\/g>\n<g>\n<\/g>\n<g>\n<\/g>\n<g>\n<\/g>\n<g>\n<\/g>\n<g>\n<\/g>\n<g>\n<\/g>\n<g>\n<\/g>\n<g>\n<\/g>\n<g>\n<\/g>\n<\/svg><\/span>\n\t\t\t\t\t\t\t\t\t\t\t\t\t<\/span>\n\t\t\t\t\t\t\t\t\t\t\t\t<a href=\"\" class=\"elementor-toggle-title\">Posso includere la mia famiglia nel mio pacchetto?<\/a>\n\t\t\t\t\t<\/div>\n\t\t\t\t\t<div id=\"elementor-tab-content-9494\" class=\"elementor-tab-content elementor-clearfix\" data-tab=\"4\" role=\"tabpanel\" aria-labelledby=\"elementor-tab-title-9494\"><p><span style=\"font-weight: 400\">Si&#8217;. Il tuo coniuge\/convivente maggiorenne, cosi&#8217; come i tuoi figli fino all&#8217;eta&#8217; di 21 anno (incluso), possono essere inclusi nel tuo pacchetto di immigrazione senza costi aggiuntivi.<\/span><\/p><p><span style=\"font-weight: 400\">Altri membri adulti della famiglia (fratelli e sorelle, genitori, figli sopra i 22 anni) devono presentare una domanda separata.<\/span><\/p><\/div>\n\t\t\t\t<\/div>\n\t\t\t\t\t\t\t<div class=\"elementor-toggle-item\">\n\t\t\t\t\t<div id=\"elementor-tab-title-9495\" class=\"elementor-tab-title\" data-tab=\"5\" role=\"tab\" aria-controls=\"elementor-tab-content-9495\">\n\t\t\t\t\t\t\t\t\t\t\t\t<span class=\"elementor-toggle-icon elementor-toggle-icon-right\" aria-hidden=\"true\">\n\t\t\t\t\t\t\t\t\t\t\t\t\t\t\t<span class=\"elementor-toggle-icon-closed\"><svg xmlns=\"http:\/\/www.w3.org\/2000\/svg\" xmlns:xlink=\"http:\/\/www.w3.org\/1999\/xlink\" id=\"Capa_1\" x=\"0px\" y=\"0px\" viewBox=\"0 0 297 297\" style=\"enable-background:new 0 0 297 297;\" xml:space=\"preserve\">\n<g>\n\t<path d=\"M148.5,0C66.485,0,0,66.485,0,148.5S66.485,297,148.5,297S297,230.515,297,148.5S230.515,0,148.5,0z M159.083,231.5H90.75   l74.25-84l-74.25-81h68.333l71.917,81L159.083,231.5z\"><\/path>\n<\/g>\n<g>\n<\/g>\n<g>\n<\/g>\n<g>\n<\/g>\n<g>\n<\/g>\n<g>\n<\/g>\n<g>\n<\/g>\n<g>\n<\/g>\n<g>\n<\/g>\n<g>\n<\/g>\n<g>\n<\/g>\n<g>\n<\/g>\n<g>\n<\/g>\n<g>\n<\/g>\n<g>\n<\/g>\n<g>\n<\/g>\n<\/svg><\/span>\n\t\t\t\t\t\t\t\t<span class=\"elementor-toggle-icon-opened\"><svg xmlns=\"http:\/\/www.w3.org\/2000\/svg\" xmlns:xlink=\"http:\/\/www.w3.org\/1999\/xlink\" id=\"Capa_1\" x=\"0px\" y=\"0px\" viewBox=\"0 0 180 180\" style=\"enable-background:new 0 0 180 180;\" xml:space=\"preserve\">\n<g id=\"XMLID_8_\">\n\t<polygon id=\"XMLID_939_\" points=\"90,12.282 0,120.739 0,167.718 90,59.261 180,167.718 180,120.739  \"><\/polygon>\n<\/g>\n<g>\n<\/g>\n<g>\n<\/g>\n<g>\n<\/g>\n<g>\n<\/g>\n<g>\n<\/g>\n<g>\n<\/g>\n<g>\n<\/g>\n<g>\n<\/g>\n<g>\n<\/g>\n<g>\n<\/g>\n<g>\n<\/g>\n<g>\n<\/g>\n<g>\n<\/g>\n<g>\n<\/g>\n<g>\n<\/g>\n<\/svg><\/span>\n\t\t\t\t\t\t\t\t\t\t\t\t\t<\/span>\n\t\t\t\t\t\t\t\t\t\t\t\t<a href=\"\" class=\"elementor-toggle-title\">Quanto dura il processo di immigrazione?<\/a>\n\t\t\t\t\t<\/div>\n\t\t\t\t\t<div id=\"elementor-tab-content-9495\" class=\"elementor-tab-content elementor-clearfix\" data-tab=\"5\" role=\"tabpanel\" aria-labelledby=\"elementor-tab-title-9495\"><p><span style=\"font-weight: 400\">La durata del processo dipende da molti elementi, quali il programma di immigrazione scelto, il tipo di visto\/permesso, il tuo sistema di copertura sanitaria e molto altro.<\/span><\/p><p><span style=\"font-weight: 400\">Il processo piu&#8217; breve possibile dura 6 mesi, ma in media ci vogliono 2 anni.<\/span><\/p><\/div>\n\t\t\t\t<\/div>\n\t\t\t\t\t\t\t<div class=\"elementor-toggle-item\">\n\t\t\t\t\t<div id=\"elementor-tab-title-9496\" class=\"elementor-tab-title\" data-tab=\"6\" role=\"tab\" aria-controls=\"elementor-tab-content-9496\">\n\t\t\t\t\t\t\t\t\t\t\t\t<span class=\"elementor-toggle-icon elementor-toggle-icon-right\" aria-hidden=\"true\">\n\t\t\t\t\t\t\t\t\t\t\t\t\t\t\t<span class=\"elementor-toggle-icon-closed\"><svg xmlns=\"http:\/\/www.w3.org\/2000\/svg\" xmlns:xlink=\"http:\/\/www.w3.org\/1999\/xlink\" id=\"Capa_1\" x=\"0px\" y=\"0px\" viewBox=\"0 0 297 297\" style=\"enable-background:new 0 0 297 297;\" xml:space=\"preserve\">\n<g>\n\t<path d=\"M148.5,0C66.485,0,0,66.485,0,148.5S66.485,297,148.5,297S297,230.515,297,148.5S230.515,0,148.5,0z M159.083,231.5H90.75   l74.25-84l-74.25-81h68.333l71.917,81L159.083,231.5z\"><\/path>\n<\/g>\n<g>\n<\/g>\n<g>\n<\/g>\n<g>\n<\/g>\n<g>\n<\/g>\n<g>\n<\/g>\n<g>\n<\/g>\n<g>\n<\/g>\n<g>\n<\/g>\n<g>\n<\/g>\n<g>\n<\/g>\n<g>\n<\/g>\n<g>\n<\/g>\n<g>\n<\/g>\n<g>\n<\/g>\n<g>\n<\/g>\n<\/svg><\/span>\n\t\t\t\t\t\t\t\t<span class=\"elementor-toggle-icon-opened\"><svg xmlns=\"http:\/\/www.w3.org\/2000\/svg\" xmlns:xlink=\"http:\/\/www.w3.org\/1999\/xlink\" id=\"Capa_1\" x=\"0px\" y=\"0px\" viewBox=\"0 0 180 180\" style=\"enable-background:new 0 0 180 180;\" xml:space=\"preserve\">\n<g id=\"XMLID_8_\">\n\t<polygon id=\"XMLID_939_\" points=\"90,12.282 0,120.739 0,167.718 90,59.261 180,167.718 180,120.739  \"><\/polygon>\n<\/g>\n<g>\n<\/g>\n<g>\n<\/g>\n<g>\n<\/g>\n<g>\n<\/g>\n<g>\n<\/g>\n<g>\n<\/g>\n<g>\n<\/g>\n<g>\n<\/g>\n<g>\n<\/g>\n<g>\n<\/g>\n<g>\n<\/g>\n<g>\n<\/g>\n<g>\n<\/g>\n<g>\n<\/g>\n<g>\n<\/g>\n<\/svg><\/span>\n\t\t\t\t\t\t\t\t\t\t\t\t\t<\/span>\n\t\t\t\t\t\t\t\t\t\t\t\t<a href=\"\" class=\"elementor-toggle-title\">Io e la mia famiglia dobbiamo sottoporci ad un test di Inglese?<\/a>\n\t\t\t\t\t<\/div>\n\t\t\t\t\t<div id=\"elementor-tab-content-9496\" class=\"elementor-tab-content elementor-clearfix\" data-tab=\"6\" role=\"tabpanel\" aria-labelledby=\"elementor-tab-title-9496\"><p><span style=\"font-weight: 400\">Il candidato principale dovra&#8217; includere un risultato certificato di esame IELTS o TEF (in qualche raro caso il governo accettera&#8217; i risultati di altri tipi di esami).<\/span><\/p><p><span style=\"font-weight: 400\">Il coniuge\/convivente del candidato principale non dovra&#8217; sottoporsi ad alcun test, ma un buon risultato anche del coniuge\/convivente puo&#8217; incrementare le possiibilita&#8217; di\u00a0<\/span><span style=\"font-weight: 400\">approvazione.<\/span><\/p><\/div>\n\t\t\t\t<\/div>\n\t\t\t\t\t\t\t<div class=\"elementor-toggle-item\">\n\t\t\t\t\t<div id=\"elementor-tab-title-9497\" class=\"elementor-tab-title\" data-tab=\"7\" role=\"tab\" aria-controls=\"elementor-tab-content-9497\">\n\t\t\t\t\t\t\t\t\t\t\t\t<span class=\"elementor-toggle-icon elementor-toggle-icon-right\" aria-hidden=\"true\">\n\t\t\t\t\t\t\t\t\t\t\t\t\t\t\t<span class=\"elementor-toggle-icon-closed\"><svg xmlns=\"http:\/\/www.w3.org\/2000\/svg\" xmlns:xlink=\"http:\/\/www.w3.org\/1999\/xlink\" id=\"Capa_1\" x=\"0px\" y=\"0px\" viewBox=\"0 0 297 297\" style=\"enable-background:new 0 0 297 297;\" xml:space=\"preserve\">\n<g>\n\t<path d=\"M148.5,0C66.485,0,0,66.485,0,148.5S66.485,297,148.5,297S297,230.515,297,148.5S230.515,0,148.5,0z M159.083,231.5H90.75   l74.25-84l-74.25-81h68.333l71.917,81L159.083,231.5z\"><\/path>\n<\/g>\n<g>\n<\/g>\n<g>\n<\/g>\n<g>\n<\/g>\n<g>\n<\/g>\n<g>\n<\/g>\n<g>\n<\/g>\n<g>\n<\/g>\n<g>\n<\/g>\n<g>\n<\/g>\n<g>\n<\/g>\n<g>\n<\/g>\n<g>\n<\/g>\n<g>\n<\/g>\n<g>\n<\/g>\n<g>\n<\/g>\n<\/svg><\/span>\n\t\t\t\t\t\t\t\t<span class=\"elementor-toggle-icon-opened\"><svg xmlns=\"http:\/\/www.w3.org\/2000\/svg\" xmlns:xlink=\"http:\/\/www.w3.org\/1999\/xlink\" id=\"Capa_1\" x=\"0px\" y=\"0px\" viewBox=\"0 0 180 180\" style=\"enable-background:new 0 0 180 180;\" xml:space=\"preserve\">\n<g id=\"XMLID_8_\">\n\t<polygon id=\"XMLID_939_\" points=\"90,12.282 0,120.739 0,167.718 90,59.261 180,167.718 180,120.739  \"><\/polygon>\n<\/g>\n<g>\n<\/g>\n<g>\n<\/g>\n<g>\n<\/g>\n<g>\n<\/g>\n<g>\n<\/g>\n<g>\n<\/g>\n<g>\n<\/g>\n<g>\n<\/g>\n<g>\n<\/g>\n<g>\n<\/g>\n<g>\n<\/g>\n<g>\n<\/g>\n<g>\n<\/g>\n<g>\n<\/g>\n<g>\n<\/g>\n<\/svg><\/span>\n\t\t\t\t\t\t\t\t\t\t\t\t\t<\/span>\n\t\t\t\t\t\t\t\t\t\t\t\t<a href=\"\" class=\"elementor-toggle-title\">Il mio Inglese e Francese non sono buoni. Posso ugualmente immigrare in Canada?<\/a>\n\t\t\t\t\t<\/div>\n\t\t\t\t\t<div id=\"elementor-tab-content-9497\" class=\"elementor-tab-content elementor-clearfix\" data-tab=\"7\" role=\"tabpanel\" aria-labelledby=\"elementor-tab-title-9497\"><p><span style=\"font-weight: 400\">Un test di lingua di livello intermedio di conoscenza e&#8217; obbligatorio e non sarai eleggibile senza. Ma niente paura! Abbiamo un grandioso corso di inglese fatto apposta per\u00a0<\/span><span style=\"font-weight: 400\">aiutarti a migliorare il tuo punteggio nel test IELTS e puoi ripetere il test tutte le volte che serve finche&#8217; lo passi.<\/span><\/p><\/div>\n\t\t\t\t<\/div>\n\t\t\t\t\t<\/div>\n\t\t\t\t<\/div>\n\t\t\t\t<\/div>\n\t\t\t\t<div class=\"elementor-element elementor-element-33afd9b cvs-img-kit-triangle cvs-img-kit-triangle--right-bottom elementor-widget elementor-widget-image\" data-id=\"33afd9b\" data-element_type=\"widget\" data-widget_type=\"image.default\">\n\t\t\t\t<div class=\"elementor-widget-container\">\n\t\t\t\t\t<div class=\"elementor-image\">\n\t\t\t\t\t\t\t\t\t\t<img width=\"255\" height=\"246\" src=\"https:\/\/www.canadavisaservices.org\/app\/uploads\/sites\/3\/shape-1-reduced.png\" class=\"attachment-large size-large\" alt=\"\" \/>\t\t\t\t\t\t\t\t\t\t\t<\/div>\n\t\t\t\t<\/div>\n\t\t\t\t<\/div>\n\t\t\t\t<div class=\"elementor-element elementor-element-d59e6d2 cvs-img-kit-triangle cvs-img-kit-triangle--left-top elementor-widget elementor-widget-image\" data-id=\"d59e6d2\" data-element_type=\"widget\" data-widget_type=\"image.default\">\n\t\t\t\t<div class=\"elementor-widget-container\">\n\t\t\t\t\t<div class=\"elementor-image\">\n\t\t\t\t\t\t\t\t\t\t<img width=\"255\" height=\"246\" src=\"https:\/\/www.canadavisaservices.org\/app\/uploads\/sites\/3\/shape-1-reduced.png\" class=\"attachment-full size-full\" alt=\"\" \/>\t\t\t\t\t\t\t\t\t\t\t<\/div>\n\t\t\t\t<\/div>\n\t\t\t\t<\/div>\n\t\t\t\t\t\t<\/div>\n\t\t\t<\/div>\n\t\t<\/div>\n\t\t\t\t\t\t<\/div>\n\t\t\t<\/div>\n\t\t<\/section>\n\t\t\t\t\t\t<\/div>\n\t\t\t<\/div>\n\t\t<\/div>\n\t\t","protected":false},"excerpt":{"rendered":"<p>FAQ Fate parte del governo Canadese? CVS \u00e8 una societ\u00e0 privata e non rappresenta il governo canadese. Tuttavia, Per\u00f2 impieghiamo personale registrato RCIC, questo assicura che i nostri clienti soddisfino tutti i requisiti in conformit\u00e0 con le leggi dell\u2019immigrazione canadese. \u00a0 Quanto costa il servizio? Canada Visa Services offre una varieta&#8217; di servizi con vari [&hellip;]<\/p>\n","protected":false},"author":1,"featured_media":0,"parent":59,"menu_order":0,"comment_status":"closed","ping_status":"closed","template":"","meta":[],"wf_page_folders":[],"yoast_head":"<!-- This site is optimized with the Yoast SEO plugin v14.5 - https:\/\/yoast.com\/wordpress\/plugins\/seo\/ -->\n<title>FAQ - CanadaVisaServices Answers Your Immigration Questions<\/title>\n<meta name=\"description\" content=\"We&#039;ve heard so many questions over the years. So we put them all in one convenient place. If you have a question for us, the answer is probably here. Read more...\" \/>\n<meta name=\"robots\" content=\"index, follow\" \/>\n<meta name=\"googlebot\" content=\"index, follow, max-snippet:-1, max-image-preview:large, max-video-preview:-1\" \/>\n<meta name=\"bingbot\" content=\"index, follow, max-snippet:-1, max-image-preview:large, max-video-preview:-1\" \/>\n<link rel=\"canonical\" href=\"https:\/\/www.canadavisaservices.org\/it\/about-us\/faq\/\" \/>\n<meta property=\"og:locale\" content=\"it_IT\" \/>\n<meta property=\"og:type\" content=\"article\" \/>\n<meta property=\"og:title\" content=\"FAQ - CanadaVisaServices Answers Your Immigration Questions\" \/>\n<meta property=\"og:description\" content=\"We&#039;ve heard so many questions over the years. So we put them all in one convenient place. If you have a question for us, the answer is probably here. Read more...\" \/>\n<meta property=\"og:url\" content=\"https:\/\/www.canadavisaservices.org\/it\/about-us\/faq\/\" \/>\n<meta property=\"og:site_name\" content=\"Italian\" \/>\n<meta property=\"article:modified_time\" content=\"2021-11-16T13:39:44+00:00\" \/>\n<meta property=\"og:image\" content=\"https:\/\/www.canadavisaservices.org\/app\/uploads\/sites\/3\/shape-1-reduced.png\" \/>\n<meta name=\"twitter:card\" content=\"summary_large_image\" \/>\n<script type=\"application\/ld+json\" class=\"yoast-schema-graph\">{\"@context\":\"https:\/\/schema.org\",\"@graph\":[{\"@type\":\"WebSite\",\"@id\":\"https:\/\/www.canadavisaservices.org\/it\/#website\",\"url\":\"https:\/\/www.canadavisaservices.org\/it\/\",\"name\":\"Italian\",\"description\":\"Immigrate to Canada now\",\"potentialAction\":[{\"@type\":\"SearchAction\",\"target\":\"https:\/\/www.canadavisaservices.org\/it\/?s={search_term_string}\",\"query-input\":\"required name=search_term_string\"}],\"inLanguage\":\"it-IT\"},{\"@type\":\"ImageObject\",\"@id\":\"https:\/\/www.canadavisaservices.org\/it\/about-us\/faq\/#primaryimage\",\"inLanguage\":\"it-IT\",\"url\":\"https:\/\/www.canadavisaservices.org\/app\/uploads\/sites\/3\/shape-1-reduced.png\"},{\"@type\":\"WebPage\",\"@id\":\"https:\/\/www.canadavisaservices.org\/it\/about-us\/faq\/#webpage\",\"url\":\"https:\/\/www.canadavisaservices.org\/it\/about-us\/faq\/\",\"name\":\"FAQ - CanadaVisaServices Answers Your Immigration Questions\",\"isPartOf\":{\"@id\":\"https:\/\/www.canadavisaservices.org\/it\/#website\"},\"primaryImageOfPage\":{\"@id\":\"https:\/\/www.canadavisaservices.org\/it\/about-us\/faq\/#primaryimage\"},\"datePublished\":\"2018-11-12T06:55:28+00:00\",\"dateModified\":\"2021-11-16T13:39:44+00:00\",\"description\":\"We've heard so many questions over the years. So we put them all in one convenient place. If you have a question for us, the answer is probably here. Read more...\",\"inLanguage\":\"it-IT\",\"potentialAction\":[{\"@type\":\"ReadAction\",\"target\":[\"https:\/\/www.canadavisaservices.org\/it\/about-us\/faq\/\"]}]}]}<\/script>\n<!-- \/ Yoast SEO plugin. -->","_links":{"self":[{"href":"https:\/\/www.canadavisaservices.org\/it\/wp-json\/wp\/v2\/pages\/329"}],"collection":[{"href":"https:\/\/www.canadavisaservices.org\/it\/wp-json\/wp\/v2\/pages"}],"about":[{"href":"https:\/\/www.canadavisaservices.org\/it\/wp-json\/wp\/v2\/types\/page"}],"author":[{"embeddable":true,"href":"https:\/\/www.canadavisaservices.org\/it\/wp-json\/wp\/v2\/users\/1"}],"replies":[{"embeddable":true,"href":"https:\/\/www.canadavisaservices.org\/it\/wp-json\/wp\/v2\/comments?post=329"}],"version-history":[{"count":3,"href":"https:\/\/www.canadavisaservices.org\/it\/wp-json\/wp\/v2\/pages\/329\/revisions"}],"predecessor-version":[{"id":6151,"href":"https:\/\/www.canadavisaservices.org\/it\/wp-json\/wp\/v2\/pages\/329\/revisions\/6151"}],"up":[{"embeddable":true,"href":"https:\/\/www.canadavisaservices.org\/it\/wp-json\/wp\/v2\/pages\/59"}],"wp:attachment":[{"href":"https:\/\/www.canadavisaservices.org\/it\/wp-json\/wp\/v2\/media?parent=329"}],"wp:term":[{"taxonomy":"wf_page_folders","embeddable":true,"href":"https:\/\/www.canadavisaservices.org\/it\/wp-json\/wp\/v2\/wf_page_folders?post=329"}],"curies":[{"name":"wp","href":"https:\/\/api.w.org\/{rel}","templated":true}]}}